{"id":14368,"date":"2025-09-04T16:05:13","date_gmt":"2025-09-04T19:05:13","guid":{"rendered":"https:\/\/loungegamers.com\/?post_type=product&#038;p=14368"},"modified":"2026-02-05T09:12:53","modified_gmt":"2026-02-05T12:12:53","slug":"escape-completo-2x1-v8-cb500f-cbr500r-cb500x","status":"publish","type":"product","link":"https:\/\/loungegamers.com\/es\/producto\/escape-completo-2x1-v8-cb500f-cbr500r-cb500x\/","title":{"rendered":"Escape completo 2\u00d71 V8 - CB500F \/ CBR500R \/ CB500X"},"content":{"rendered":"<div class=\"wpb-content-wrapper\"><div class=\"vc_row wpb_row vc_row-fluid vc_row-o-content-top vc_row-flex\"><div class=\"wpb_column vc_column_container vc_col-sm-6\"><div class=\"vc_column-inner\"><div class=\"wpb_wrapper\">\n<p>El tubo de escape <strong>V8 de Carbox<\/strong> para motos deportivas ha sido desarrollado para transformar la presencia de tu moto, combinando un dise\u00f1o agresivo y un sonido potente. Destaca visualmente por su <strong>doble salida<\/strong>, que moderniza la est\u00e9tica de la moto con un estilo racing, y t\u00e9cnicamente por su <strong>ronquidos caracter\u00edsticos<\/strong>un sonido profundo y con cuerpo que sustituye al ruido convencional, garantizando que su moto llame la atenci\u00f3n tanto por su aspecto como por su imponente ruido. Se considera un <strong>MEDIA<\/strong>.<br><br><strong>ADVERTENCIA: Este modelo no dispone de DB Killer.<\/strong><\/p>\n\t\t<div id=\"wd-6984892065df8\" class=\"wd-text-block wd-wpb reset-last-child wd-rs-6984892065df8 text-left\">\n\t\t\t<h3 dir=\"ltr\"><strong>Art\u00edculos incluidos:<\/strong><\/h3>\n<ul>\n<li dir=\"ltr\">Colector completo 2\u00d71<\/li>\n<li dir=\"ltr\" style=\"text-align: left;\">Introduzca el material deseado y la boquilla de fibra de carbono;<\/li>\n<li dir=\"ltr\" style=\"text-align: left;\">DB Killer;<\/li>\n<li dir=\"ltr\" style=\"text-align: left;\">Abrazadera de fibra de carbono;<\/li>\n<li dir=\"ltr\" style=\"text-align: left;\">Abrazaderas de acero inoxidable;<\/li>\n<\/ul>\n<div dir=\"ltr\"><\/div>\n<h4 class=\"css-146c3p1 r-bcqeeo r-1ttztb7 r-qvutc0 r-37j5jr r-a023e6 r-16dba41 r-1adg3ll r-1b5gpbm r-a8ghvy\" dir=\"ltr\"><strong><span class=\"css-1jxf684 r-bcqeeo r-1ttztb7 r-qvutc0 r-poiln3\"><span class=\"css-1jxf684 r-bcqeeo r-1ttztb7 r-qvutc0 r-poiln3 r-b88u0q r-a8ghvy\"><span class=\"css-1jxf684 r-bcqeeo r-1ttztb7 r-qvutc0 r-poiln3 r-a8ghvy\">Especificaciones t\u00e9cnicas:<\/span><\/span><\/span><\/strong><\/h4>\n<blockquote>\n<ul dir=\"ltr\">\n<li>\n<p class=\"css-146c3p1 r-bcqeeo r-1ttztb7 r-qvutc0 r-37j5jr r-a023e6 r-rjixqe r-16dba41\" dir=\"ltr\"><span class=\"css-1jxf684 r-bcqeeo r-1ttztb7 r-qvutc0 r-poiln3 r-b88u0q r-a8ghvy\"><span class=\"css-1jxf684 r-bcqeeo r-1ttztb7 r-qvutc0 r-poiln3\"><span class=\"css-1jxf684 r-bcqeeo r-1ttztb7 r-qvutc0 r-poiln3 r-a8ghvy\">Ganancia de potencia medida:<\/span><\/span><\/span><span class=\"css-1jxf684 r-bcqeeo r-1ttztb7 r-qvutc0 r-poiln3 r-a8ghvy\"><span class=\"css-1jxf684 r-bcqeeo r-1ttztb7 r-qvutc0 r-poiln3\"><strong> Alrededor de 4 CV<\/strong> (S\u00f3lo cambio de escape, sin remapeo).<\/span><\/span><\/p>\n<\/li>\n<li>\n<p class=\"css-146c3p1 r-bcqeeo r-1ttztb7 r-qvutc0 r-37j5jr r-a023e6 r-rjixqe r-16dba41\" dir=\"ltr\"><span class=\"css-1jxf684 r-bcqeeo r-1ttztb7 r-qvutc0 r-poiln3 r-b88u0q r-a8ghvy\"><span class=\"css-1jxf684 r-bcqeeo r-1ttztb7 r-qvutc0 r-poiln3\"><span class=\"css-1jxf684 r-bcqeeo r-1ttztb7 r-qvutc0 r-poiln3 r-a8ghvy\">Dimensionamiento de tuber\u00edas<\/span><\/span><\/span><span class=\"css-1jxf684 r-bcqeeo r-1ttztb7 r-qvutc0 r-poiln3 r-a8ghvy\"><span class=\"css-1jxf684 r-bcqeeo r-1ttztb7 r-qvutc0 r-poiln3\"> dise\u00f1ados a medida para garantizar un dimensionamiento \u00f3ptimo y optimizar el flujo de gas.<\/span><\/span><\/p>\n<\/li>\n<\/ul>\n<\/blockquote>\n<p>&nbsp;<\/p>\n\t\t<\/div>\n\t\t\n<p><strong>Acerca de la Certificaci\u00f3n Inmetro:<\/strong><\/p>\n\n\n\n<p>Este escape no est\u00e1 sujeto a certificaci\u00f3n obligatoria por parte de Inmetro, seg\u00fan determina el art\u00edculo 3 de la Ordenanza Inmetro n\u00ba 123\/2014, modificada por la Ordenanza Inmetro n\u00ba 194\/2019, para componentes destinados a veh\u00edculos con cilindrada superior a 450 metros c\u00fabicos o potencia m\u00e1xima superior a 25 kW (34 CV). <\/p>\n\n\n\n<p><a href=\"https:\/\/drive.google.com\/file\/d\/1fqWG9U-dyclG2QtoK2YZlot-2GjhQsKo\/view?usp=sharing\">&gt;&gt; Consulte nuestro bolet\u00edn de noticias haciendo clic aqu\u00ed &lt;&lt;<\/a><\/p>\n\n\n\n<p>Nota: Se recomienda que la instalaci\u00f3n la realicen profesionales cualificados para garantizar un funcionamiento correcto.<\/p>\n\n\n\n<p><\/p>\n<\/div><\/div><\/div><div class=\"wpb_column vc_column_container vc_col-sm-6\"><div class=\"vc_column-inner vc_custom_1490694541710\"><div class=\"wpb_wrapper\"><div class=\"vc_row wpb_row vc_inner vc_row-fluid vc_row-o-content-top vc_row-flex\"><div class=\"wpb_column vc_column_container vc_col-sm-6\"><div class=\"vc_column-inner vc_custom_1490695008312\"><div class=\"wpb_wrapper\">\t\t\t<div class=\"info-box-wrapper\">\n\t\t\t\t<div id=\"wd-68c03c6b8876c\" class=\"wd-rs-68c03c6b8876c wd-info-box wd-wpb text-center box-icon-align-top box-style- color-scheme- wd-bg-none vc_custom_1757428866202\">\n\t\t\t\t\t\t\t\t\t\t\t<div class=\"box-icon-wrapper  box-with-icon box-icon-simple\">\n\t\t\t\t\t\t\t<div class=\"info-box-icon\">\n\n\t\t\t\t\t\t\t\n\t\t\t\t\t\t\t\t\t\t\t\t\t\t\t\t\t<img loading=\"lazy\" decoding=\"async\" width=\"50\" height=\"50\" src=\"https:\/\/loungegamers.com\/wp-content\/uploads\/2025\/09\/ponteira-gptech-icon-2-1-50x50.png\" class=\"attachment-50x50 size-50x50\" alt=\"\" \/>\t\t\t\t\t\t\t\t\t\t\t\t\t\t\t\n\t\t\t\t\t\t\t<\/div>\n\t\t\t\t\t\t<\/div>\n\t\t\t\t\t\t\t\t\t\t<div class=\"info-box-content\">\n\t\t\t\t\t\t<h4 class=\"info-box-title title box-title-style-default wd-fontsize-s\">MODERNIDAD Y RENDIMIENTO<\/h4>\t\t\t\t\t\t<div class=\"info-box-inner reset-last-child\"><\/p>\n<div id=\"model-response-message-contentr_65c7f1b8218215d9\" class=\"markdown markdown-main-panel stronger enable-updated-hr-color\" dir=\"ltr\">\n<p>La punta Carbox encarna el dise\u00f1o moderno aplicado al motociclismo de altas prestaciones. Sus atrevidas l\u00edneas, fabricadas en fibra de carbono, acero inoxidable o titanio, con detalles met\u00e1licos, le confieren un aspecto agresivo y sofisticado. La combinaci\u00f3n de excelentes materiales no s\u00f3lo optimiza el peso y la durabilidad, sino que tambi\u00e9n eleva la est\u00e9tica de la moto, reflejando un estilo contempor\u00e1neo para los entusiastas de la velocidad.<\/p>\n<\/div>\n<p>&nbsp;<\/p>\n<\/div>\n\n\t\t\t\t\t\t\t\t\t\t\t<\/div>\n\n\t\t\t\t\t\n\t\t\t\t\t\t\t\t\t<\/div>\n\t\t\t<\/div>\n\t\t<\/div><\/div><\/div><div class=\"wpb_column vc_column_container vc_col-sm-6\"><div class=\"vc_column-inner vc_custom_1490695011353\"><div class=\"wpb_wrapper\">\t\t\t<div class=\"info-box-wrapper\">\n\t\t\t\t<div id=\"wd-683f31d7a47ce\" class=\"wd-rs-683f31d7a47ce wd-info-box wd-wpb text-center box-icon-align-top box-style- color-scheme- wd-bg-none vc_custom_1748972286758\">\n\t\t\t\t\t\t\t\t\t\t\t<div class=\"box-icon-wrapper  box-with-icon box-icon-simple\">\n\t\t\t\t\t\t\t<div class=\"info-box-icon\">\n\n\t\t\t\t\t\t\t\n\t\t\t\t\t\t\t\t\t\t\t\t\t\t\t\t\t<img loading=\"lazy\" decoding=\"async\" width=\"50\" height=\"50\" src=\"https:\/\/loungegamers.com\/wp-content\/uploads\/2025\/05\/25561-50x50.png\" class=\"attachment-50x50 size-50x50\" alt=\"\" srcset=\"https:\/\/loungegamers.com\/wp-content\/uploads\/2025\/05\/25561-50x50.png 50w, https:\/\/loungegamers.com\/wp-content\/uploads\/2025\/05\/25561-430x430.png 430w, https:\/\/loungegamers.com\/wp-content\/uploads\/2025\/05\/25561-150x150.png 150w, https:\/\/loungegamers.com\/wp-content\/uploads\/2025\/05\/25561-300x300.png 300w, https:\/\/loungegamers.com\/wp-content\/uploads\/2025\/05\/25561.png 512w\" sizes=\"auto, (max-width: 50px) 100vw, 50px\" \/>\t\t\t\t\t\t\t\t\t\t\t\t\t\t\t\n\t\t\t\t\t\t\t<\/div>\n\t\t\t\t\t\t<\/div>\n\t\t\t\t\t\t\t\t\t\t<div class=\"info-box-content\">\n\t\t\t\t\t\t<h4 class=\"info-box-title title box-title-style-default wd-fontsize-s\">PROBADO EN PISTA Y DINAM\u00d3METRO<\/h4>\t\t\t\t\t\t<div class=\"info-box-inner reset-last-child\"><\/p>\n<p style=\"text-align: center;\">Productos probados por pilotos profesionales en entornos controlados, con mediciones precisas en dinam\u00f3metro. Cada unidad se fabrica cuidadosamente, garantizando una atenci\u00f3n especial a cada detalle.<\/p>\n<p>\n<\/div>\n\n\t\t\t\t\t\t\t\t\t\t\t<\/div>\n\n\t\t\t\t\t\n\t\t\t\t\t\t\t\t\t<\/div>\n\t\t\t<\/div>\n\t\t<\/div><\/div><\/div><div class=\"wpb_column vc_column_container vc_col-sm-12\"><div class=\"vc_column-inner\"><div class=\"wpb_wrapper\">\n\t<div class=\"wpb_video_widget wpb_content_element vc_clearfix vc_video-aspect-ratio-169 vc_video-el-width-100 vc_video-align-left wd-rs-69848927d65df\" >\n\t\t<div class=\"wpb_wrapper\">\n\t\t\t\n\t\t\t<div class=\"wpb_video_wrapper\"><iframe loading=\"lazy\" title=\"CB500F 2021 CON NUEVO ESCAPE DEPORTIVO\" width=\"500\" height=\"281\" src=\"https:\/\/www.youtube.com\/embed\/49qMTozcnbQ?feature=oembed\" frameborder=\"0\" allow=\"accelerometer; autoplay; clipboard-write; encrypted-media; gyroscope; picture-in-picture; web-share\" referrerpolicy=\"strict-origin-when-cross-origin\" allowfullscreen><\/iframe><\/div>\n\t\t<\/div>\n\t<\/div>\n<\/div><\/div><\/div><\/div><\/div><\/div><\/div><\/div>\n<\/div>","protected":false},"excerpt":{"rendered":"O escapamento V8 da Carbox para motos esportivas foi desenvolvido para transformar a presen\u00e7a da sua motocicleta, unindo design agressivo","protected":false},"featured_media":14705,"comment_status":"open","ping_status":"closed","template":"","meta":[],"product_brand":[52],"product_cat":[179,27],"product_tag":[],"class_list":{"0":"post-14368","1":"product","2":"type-product","3":"status-publish","4":"has-post-thumbnail","6":"product_brand-honda","7":"product_cat-cb-cbr-500-f-r-x","8":"product_cat-honda","10":"first","11":"instock","12":"taxable","13":"shipping-taxable","14":"purchasable","15":"product-type-variable"},"_links":{"self":[{"href":"https:\/\/loungegamers.com\/es\/wp-json\/wp\/v2\/product\/14368","targetHints":{"allow":["GET"]}}],"collection":[{"href":"https:\/\/loungegamers.com\/es\/wp-json\/wp\/v2\/product"}],"about":[{"href":"https:\/\/loungegamers.com\/es\/wp-json\/wp\/v2\/types\/product"}],"replies":[{"embeddable":true,"href":"https:\/\/loungegamers.com\/es\/wp-json\/wp\/v2\/comments?post=14368"}],"wp:featuredmedia":[{"embeddable":true,"href":"https:\/\/loungegamers.com\/es\/wp-json\/wp\/v2\/media\/14705"}],"wp:attachment":[{"href":"https:\/\/loungegamers.com\/es\/wp-json\/wp\/v2\/media?parent=14368"}],"wp:term":[{"taxonomy":"product_brand","embeddable":true,"href":"https:\/\/loungegamers.com\/es\/wp-json\/wp\/v2\/product_brand?post=14368"},{"taxonomy":"product_cat","embeddable":true,"href":"https:\/\/loungegamers.com\/es\/wp-json\/wp\/v2\/product_cat?post=14368"},{"taxonomy":"product_tag","embeddable":true,"href":"https:\/\/loungegamers.com\/es\/wp-json\/wp\/v2\/product_tag?post=14368"}],"curies":[{"name":"wp","href":"https:\/\/api.w.org\/{rel}","templated":true}]}}