{"id":14328,"date":"2025-09-04T10:14:39","date_gmt":"2025-09-04T13:14:39","guid":{"rendered":"https:\/\/loungegamers.com\/?post_type=product&#038;p=14328"},"modified":"2026-01-26T11:05:34","modified_gmt":"2026-01-26T14:05:34","slug":"silenciador-punta-link-cb500f-cbr500r-cb500x","status":"publish","type":"product","link":"https:\/\/loungegamers.com\/es\/producto\/silenciador-punta-link-cb500f-cbr500r-cb500x\/","title":{"rendered":"Link + Sin Silenciador - CB500F \/ CBR500R \/ CB500X"},"content":{"rendered":"<div class=\"wpb-content-wrapper\"><div data-vc-full-width=\"true\" data-vc-full-width-temp=\"true\" data-vc-full-width-init=\"false\" class=\"vc_row wpb_row vc_row-fluid vc_custom_1757007781491 vc_row-has-fill wd-rs-68b9cea4f00b4\"><div class=\"wpb_column vc_column_container vc_col-sm-6 vc_hidden-xs wd-rs-68b9abef15c56\"><div class=\"vc_column-inner\"><div class=\"wpb_wrapper\">\n\t<div class=\"wpb_text_column wpb_content_element wpb_animate_when_almost_visible wpb_fadeIn fadeIn\" >\n\t\t<div class=\"wpb_wrapper\">\n\t\t\t<h2 style=\"text-align: center;\"><strong>ESCAPE MODERNO Y LIGERO PARA TU MOTO<\/strong><\/h2>\n<p>&nbsp;<\/p>\n\n\t\t<\/div>\n\t<\/div>\n<div class=\"vc_row wpb_row vc_inner vc_row-fluid\"><div class=\"wpb_column vc_column_container vc_col-sm-4\"><div class=\"vc_column-inner\"><div class=\"wpb_wrapper\">\n\t<div  class=\"wpb_single_image wpb_content_element vc_align_left wpb_animate_when_almost_visible wpb_fadeInLeft fadeInLeft\">\n\t\t\n\t\t<figure class=\"wpb_wrapper vc_figure\">\n\t\t\t<div class=\"vc_single_image-wrapper   vc_box_border_grey\"><img loading=\"lazy\" decoding=\"async\" width=\"150\" height=\"150\" src=\"https:\/\/loungegamers.com\/wp-content\/uploads\/2025\/09\/ChatGPT-Image-4-de-set-150x150.webp\" class=\"vc_single_image-img attachment-thumbnail\" alt=\"\" title=\"\" srcset=\"https:\/\/loungegamers.com\/wp-content\/uploads\/2025\/09\/ChatGPT-Image-4-de-set-150x150.webp 150w, https:\/\/loungegamers.com\/wp-content\/uploads\/2025\/09\/ChatGPT-Image-4-de-set-430x430.webp 430w, https:\/\/loungegamers.com\/wp-content\/uploads\/2025\/09\/ChatGPT-Image-4-de-set-700x700.webp 700w, https:\/\/loungegamers.com\/wp-content\/uploads\/2025\/09\/ChatGPT-Image-4-de-set-300x300.webp 300w, https:\/\/loungegamers.com\/wp-content\/uploads\/2025\/09\/ChatGPT-Image-4-de-set-800x800.webp 800w, https:\/\/loungegamers.com\/wp-content\/uploads\/2025\/09\/ChatGPT-Image-4-de-set-768x768.webp 768w, https:\/\/loungegamers.com\/wp-content\/uploads\/2025\/09\/ChatGPT-Image-4-de-set-12x12.webp 12w, https:\/\/loungegamers.com\/wp-content\/uploads\/2025\/09\/ChatGPT-Image-4-de-set.webp 1024w\" sizes=\"auto, (max-width: 150px) 100vw, 150px\" \/><\/div>\n\t\t<\/figure>\n\t<\/div>\n<\/div><\/div><\/div><div class=\"wpb_column vc_column_container vc_col-sm-6\"><div class=\"vc_column-inner\"><div class=\"wpb_wrapper\">\n\t<div class=\"wpb_text_column wpb_content_element wpb_animate_when_almost_visible wpb_fadeInDown fadeInDown\" >\n\t\t<div class=\"wpb_wrapper\">\n\t\t\t<p>Un sistema robusto con ganancias de rendimiento, simplemente cambiando el sistema de escape original por el sistema No Muffler Carbox tendr\u00e1s una ganancia de hasta 3CV.<\/p>\n\n\t\t<\/div>\n\t<\/div>\n<\/div><\/div><\/div><div class=\"wpb_column vc_column_container vc_col-sm-6\"><div class=\"vc_column-inner\"><div class=\"wpb_wrapper\">\n\t<div class=\"wpb_text_column wpb_content_element wpb_animate_when_almost_visible wpb_fadeInDown fadeInDown\" >\n\t\t<div class=\"wpb_wrapper\">\n\t\t\t<p>Modelo con sistema de filtraci\u00f3n de gas, que lo hace m\u00e1s seguro y con un estruendo m\u00e1s pleno.<\/p>\n\n\t\t<\/div>\n\t<\/div>\n<\/div><\/div><\/div><\/div><div class=\"vc_row wpb_row vc_inner vc_row-fluid\"><div class=\"wpb_column vc_column_container vc_col-sm-4\"><div class=\"vc_column-inner\"><div class=\"wpb_wrapper\">\n\t<div  class=\"wpb_single_image wpb_content_element vc_align_left wpb_animate_when_almost_visible wpb_fadeInLeft fadeInLeft\">\n\t\t\n\t\t<figure class=\"wpb_wrapper vc_figure\">\n\t\t\t<div class=\"vc_single_image-wrapper   vc_box_border_grey\"><img loading=\"lazy\" decoding=\"async\" width=\"150\" height=\"150\" src=\"https:\/\/loungegamers.com\/wp-content\/uploads\/2025\/09\/icone-site-sem-fundo-CARBOX-LOGO-150x150.webp\" class=\"vc_single_image-img attachment-thumbnail\" alt=\"\" title=\"\" srcset=\"https:\/\/loungegamers.com\/wp-content\/uploads\/2025\/09\/icone-site-sem-fundo-CARBOX-LOGO-150x150.webp 150w, https:\/\/loungegamers.com\/wp-content\/uploads\/2025\/09\/icone-site-sem-fundo-CARBOX-LOGO-430x430.webp 430w, https:\/\/loungegamers.com\/wp-content\/uploads\/2025\/09\/icone-site-sem-fundo-CARBOX-LOGO-700x700.webp 700w, https:\/\/loungegamers.com\/wp-content\/uploads\/2025\/09\/icone-site-sem-fundo-CARBOX-LOGO-300x300.webp 300w, https:\/\/loungegamers.com\/wp-content\/uploads\/2025\/09\/icone-site-sem-fundo-CARBOX-LOGO-800x800.webp 800w, https:\/\/loungegamers.com\/wp-content\/uploads\/2025\/09\/icone-site-sem-fundo-CARBOX-LOGO-768x768.webp 768w, https:\/\/loungegamers.com\/wp-content\/uploads\/2025\/09\/icone-site-sem-fundo-CARBOX-LOGO-12x12.webp 12w, https:\/\/loungegamers.com\/wp-content\/uploads\/2025\/09\/icone-site-sem-fundo-CARBOX-LOGO.webp 1024w\" sizes=\"auto, (max-width: 150px) 100vw, 150px\" \/><\/div>\n\t\t<\/figure>\n\t<\/div>\n<\/div><\/div><\/div><div class=\"wpb_column vc_column_container vc_col-sm-6\"><div class=\"vc_column-inner\"><div class=\"wpb_wrapper\">\n\t<div class=\"wpb_text_column wpb_content_element wpb_animate_when_almost_visible wpb_fadeInDown fadeInDown\" >\n\t\t<div class=\"wpb_wrapper\">\n\t\t\t<p>Dise\u00f1o moderno creado exclusivamente por Carbox Racing. Haz tu moto m\u00e1s ligera y deportiva.<\/p>\n\n\t\t<\/div>\n\t<\/div>\n<\/div><\/div><\/div><div class=\"wpb_column vc_column_container vc_col-sm-6\"><div class=\"vc_column-inner\"><div class=\"wpb_wrapper\">\n\t<div class=\"wpb_text_column wpb_content_element wpb_animate_when_almost_visible wpb_fadeInDown fadeInDown\" >\n\t\t<div class=\"wpb_wrapper\">\n\t\t\t<p>Punta DB Killer extra\u00edble, para hacerla m\u00e1s silenciosa cuando quieras.<\/p>\n\n\t\t<\/div>\n\t<\/div>\n<\/div><\/div><\/div><\/div><\/div><\/div><\/div><div class=\"wpb_column vc_column_container vc_col-sm-6 vc_hidden-xs wd-rs-68b9ac6461af5\"><div class=\"vc_column-inner\"><div class=\"wpb_wrapper\">\n\t<div  class=\"wpb_single_image wpb_content_element vc_align_left wpb_animate_when_almost_visible wpb_fadeInUp fadeInUp\">\n\t\t\n\t\t<figure class=\"wpb_wrapper vc_figure\">\n\t\t\t<div class=\"vc_single_image-wrapper   vc_box_border_grey\"><img decoding=\"async\" class=\"wd-lazy-fade vc_single_image-img\" src=\"https:\/\/loungegamers.com\/wp-content\/themes\/woodmart\/images\/lazy.svg\" data-src=\"https:\/\/loungegamers.com\/wp-content\/uploads\/2025\/09\/NO-MUFFLER-SEM-FUNDO-WEB-scaled-800x800.webp\" width=\"800\" height=\"800\" alt=\"NO MUFFLER cb cbr 500\" title=\"NO MUFFLER cb cbr 500\" loading=\"lazy\" \/><\/div>\n\t\t<\/figure>\n\t<\/div>\n<\/div><\/div><\/div><\/div><div class=\"vc_row-full-width vc_clearfix\"><\/div><div class=\"vc_row wpb_row vc_row-fluid vc_row-o-content-top vc_row-flex\"><div class=\"wpb_column vc_column_container vc_col-sm-6\"><div class=\"vc_column-inner\"><div class=\"wpb_wrapper\"><div class=\"wpb-content-wrapper\"><div class=\"vc_row wpb_row vc_row-fluid\"><div class=\"wpb_column vc_column_container vc_col-sm-12\"><div class=\"vc_column-inner\"><div class=\"wpb_wrapper\">\n\t<div class=\"wpb_text_column wpb_content_element\" >\n\t\t<div class=\"wpb_wrapper\">\n\t\t\t<p data-start=\"0\" data-end=\"314\">La punta del silenciador de Carbox Racing est\u00e1 equipado con un <strong data-start=\"62\" data-end=\"91\">fibra de carbono aut\u00e9ntica<\/strong>, El dise\u00f1o exclusivo desarrollado por Carbox Racing enfatiza la originalidad, proporcionando una est\u00e9tica deportiva distintiva que combina agresividad y sofisticaci\u00f3n. El dise\u00f1o exclusivo desarrollado por Carbox Racing enfatiza la originalidad, proporcionando una est\u00e9tica deportiva distintiva que combina agresividad y sofisticaci\u00f3n.<\/p>\n<p data-start=\"316\" data-end=\"618\" data-is-last-node=\"\" data-is-only-node=\"\">Adem\u00e1s de un aspecto llamativo, el proyecto da prioridad a <strong data-start=\"365\" data-end=\"384\">reducci\u00f3n de peso<\/strong> y eficiencia estructural, dando como resultado un conjunto m\u00e1s ligero y duradero. El dise\u00f1o mejorado no s\u00f3lo refuerza las prestaciones de la moto, sino que tambi\u00e9n eleva el nivel de estilo y exclusividad para quienes buscan lo \u00faltimo en calidad e innovaci\u00f3n.<\/p>\n\n\t\t<\/div>\n\t<\/div>\n<\/div><\/div><\/div><\/div><\/div>\t\t<div id=\"wd-697774825a4d1\" class=\"wd-text-block wd-wpb reset-last-child wd-rs-697774825a4d1 text-left\">\n\t\t\t<h3 dir=\"ltr\"><strong>Art\u00edculos incluidos:<\/strong><\/h3>\n<ul>\n<li dir=\"ltr\" style=\"text-align: left;\">Sin Silenciador con Cubierta de Fibra de Carbono Leg\u00edtima;<\/li>\n<li dir=\"ltr\" style=\"text-align: left;\">DB Killer;<\/li>\n<li dir=\"ltr\">Colector completo 2\u00d71 de acero inoxidable 304;<\/li>\n<li dir=\"ltr\" style=\"text-align: left;\">Abrazadera de fibra de carbono;<\/li>\n<li dir=\"ltr\" style=\"text-align: left;\">Abrazaderas de acero inoxidable;<\/li>\n<\/ul>\n<div dir=\"ltr\"><\/div>\n<h4 class=\"css-146c3p1 r-bcqeeo r-1ttztb7 r-qvutc0 r-37j5jr r-a023e6 r-16dba41 r-1adg3ll r-1b5gpbm r-a8ghvy\" dir=\"ltr\"><strong><span class=\"css-1jxf684 r-bcqeeo r-1ttztb7 r-qvutc0 r-poiln3\"><span class=\"css-1jxf684 r-bcqeeo r-1ttztb7 r-qvutc0 r-poiln3 r-b88u0q r-a8ghvy\"><span class=\"css-1jxf684 r-bcqeeo r-1ttztb7 r-qvutc0 r-poiln3 r-a8ghvy\">Especificaciones t\u00e9cnicas:<\/span><\/span><\/span><\/strong><\/h4>\n<blockquote>\n<ul dir=\"ltr\">\n<li>\n<p class=\"css-146c3p1 r-bcqeeo r-1ttztb7 r-qvutc0 r-37j5jr r-a023e6 r-rjixqe r-16dba41\" dir=\"ltr\"><span class=\"css-1jxf684 r-bcqeeo r-1ttztb7 r-qvutc0 r-poiln3 r-b88u0q r-a8ghvy\"><span class=\"css-1jxf684 r-bcqeeo r-1ttztb7 r-qvutc0 r-poiln3\"><span class=\"css-1jxf684 r-bcqeeo r-1ttztb7 r-qvutc0 r-poiln3 r-a8ghvy\">Ganancia de potencia medida:<\/span><\/span><\/span><span class=\"css-1jxf684 r-bcqeeo r-1ttztb7 r-qvutc0 r-poiln3 r-a8ghvy\"><span class=\"css-1jxf684 r-bcqeeo r-1ttztb7 r-qvutc0 r-poiln3\"><strong> Alrededor de 3 CV<\/strong> (S\u00f3lo cambio de escape, sin remapeo).<\/span><\/span><\/p>\n<\/li>\n<li>\n<p class=\"css-146c3p1 r-bcqeeo r-1ttztb7 r-qvutc0 r-37j5jr r-a023e6 r-rjixqe r-16dba41\" dir=\"ltr\"><span class=\"css-1jxf684 r-bcqeeo r-1ttztb7 r-qvutc0 r-poiln3 r-b88u0q r-a8ghvy\"><span class=\"css-1jxf684 r-bcqeeo r-1ttztb7 r-qvutc0 r-poiln3\"><span class=\"css-1jxf684 r-bcqeeo r-1ttztb7 r-qvutc0 r-poiln3 r-a8ghvy\">Dimensionamiento de tuber\u00edas<\/span><\/span><\/span><span class=\"css-1jxf684 r-bcqeeo r-1ttztb7 r-qvutc0 r-poiln3 r-a8ghvy\"><span class=\"css-1jxf684 r-bcqeeo r-1ttztb7 r-qvutc0 r-poiln3\"> dise\u00f1ados a medida para garantizar un dimensionamiento \u00f3ptimo y optimizar el flujo de gas.<\/span><\/span><\/p>\n<\/li>\n<\/ul>\n<\/blockquote>\n<p>&nbsp;<\/p>\n\t\t<\/div>\n\t\t\n<p><strong>Acerca de la Certificaci\u00f3n Inmetro:<\/strong><\/p>\n\n\n\n<p>Este escape no est\u00e1 sujeto a certificaci\u00f3n obligatoria por parte de Inmetro, seg\u00fan determina el art\u00edculo 3 de la Ordenanza Inmetro n\u00ba 123\/2014, modificada por la Ordenanza Inmetro n\u00ba 194\/2019, para componentes destinados a veh\u00edculos con cilindrada superior a 450 metros c\u00fabicos o potencia m\u00e1xima superior a 25 kW (34 CV). <\/p>\n\n\n\n<p><a href=\"https:\/\/drive.google.com\/file\/d\/1fqWG9U-dyclG2QtoK2YZlot-2GjhQsKo\/view?usp=sharing\">&gt;&gt; Consulte nuestro bolet\u00edn de noticias haciendo clic aqu\u00ed &lt;&lt;<\/a><\/p>\n\n\n\n<p>Nota: Se recomienda que la instalaci\u00f3n la realicen profesionales cualificados para garantizar un funcionamiento correcto.<\/p>\n\n\n\n<p><\/p>\n<\/div><\/div><\/div><div class=\"wpb_column vc_column_container vc_col-sm-6\"><div class=\"vc_column-inner vc_custom_1490694541710\"><div class=\"wpb_wrapper\">\n\t<div class=\"wpb_video_widget wpb_content_element vc_clearfix vc_video-aspect-ratio-169 vc_video-el-width-100 vc_video-align-left wd-rs-68b9a52d99c0f\" >\n\t\t<div class=\"wpb_wrapper\">\n\t\t\t\n\t\t\t<div class=\"wpb_video_wrapper\"><iframe loading=\"lazy\" title=\"CB500F 2021 CON NUEVO ESCAPE DEPORTIVO\" width=\"500\" height=\"281\" src=\"https:\/\/www.youtube.com\/embed\/49qMTozcnbQ?feature=oembed\" frameborder=\"0\" allow=\"accelerometer; autoplay; clipboard-write; encrypted-media; gyroscope; picture-in-picture; web-share\" referrerpolicy=\"strict-origin-when-cross-origin\" allowfullscreen><\/iframe><\/div>\n\t\t<\/div>\n\t<\/div>\n<div class=\"vc_row wpb_row vc_inner vc_row-fluid vc_row-o-content-top vc_row-flex\"><div class=\"wpb_column vc_column_container vc_col-sm-6\"><div class=\"vc_column-inner vc_custom_1490695008312\"><div class=\"wpb_wrapper\">\t\t\t<div class=\"info-box-wrapper\">\n\t\t\t\t<div id=\"wd-68b9acb32fbe1\" class=\"wd-rs-68b9acb32fbe1 wd-info-box wd-wpb text-center box-icon-align-top box-style- color-scheme- wd-bg-none vc_custom_1756998850490\">\n\t\t\t\t\t\t\t\t\t\t\t<div class=\"box-icon-wrapper  box-with-icon box-icon-simple\">\n\t\t\t\t\t\t\t<div class=\"info-box-icon\">\n\n\t\t\t\t\t\t\t\n\t\t\t\t\t\t\t\t\t\t\t\t\t\t\t\t\t<img loading=\"lazy\" decoding=\"async\" width=\"150\" height=\"150\" src=\"https:\/\/loungegamers.com\/wp-content\/uploads\/2025\/09\/no-muffler-cb500-vetor-icone-1-150x150.png\" class=\"attachment-thumbnail size-thumbnail\" alt=\"\" srcset=\"https:\/\/loungegamers.com\/wp-content\/uploads\/2025\/09\/no-muffler-cb500-vetor-icone-1-scaled-150x150.png 150w, https:\/\/loungegamers.com\/wp-content\/uploads\/2025\/09\/no-muffler-cb500-vetor-icone-1-scaled-430x430.png 430w, https:\/\/loungegamers.com\/wp-content\/uploads\/2025\/09\/no-muffler-cb500-vetor-icone-1-scaled-700x700.png 700w, https:\/\/loungegamers.com\/wp-content\/uploads\/2025\/09\/no-muffler-cb500-vetor-icone-1-300x300.png 300w, https:\/\/loungegamers.com\/wp-content\/uploads\/2025\/09\/no-muffler-cb500-vetor-icone-1-800x800.png 800w, https:\/\/loungegamers.com\/wp-content\/uploads\/2025\/09\/no-muffler-cb500-vetor-icone-1-768x768.png 768w, https:\/\/loungegamers.com\/wp-content\/uploads\/2025\/09\/no-muffler-cb500-vetor-icone-1-1536x1536.png 1536w, https:\/\/loungegamers.com\/wp-content\/uploads\/2025\/09\/no-muffler-cb500-vetor-icone-1-2048x2048.png 2048w, https:\/\/loungegamers.com\/wp-content\/uploads\/2025\/09\/no-muffler-cb500-vetor-icone-1-12x12.png 12w, https:\/\/loungegamers.com\/wp-content\/uploads\/2025\/09\/no-muffler-cb500-vetor-icone-1-scaled-50x50.png 50w, https:\/\/loungegamers.com\/wp-content\/uploads\/2025\/09\/no-muffler-cb500-vetor-icone-1-scaled-80x80.png 80w\" sizes=\"auto, (max-width: 150px) 100vw, 150px\" \/>\t\t\t\t\t\t\t\t\t\t\t\t\t\t\t\n\t\t\t\t\t\t\t<\/div>\n\t\t\t\t\t\t<\/div>\n\t\t\t\t\t\t\t\t\t\t<div class=\"info-box-content\">\n\t\t\t\t\t\t<h4 class=\"info-box-title title box-title-style-default wd-fontsize-s\">MODERNIDAD Y RENDIMIENTO<\/h4>\t\t\t\t\t\t<div class=\"info-box-inner reset-last-child\"><\/p>\n<div id=\"model-response-message-contentr_65c7f1b8218215d9\" class=\"markdown markdown-main-panel stronger enable-updated-hr-color\" dir=\"ltr\">\n<p>La punta Carbox encarna el dise\u00f1o moderno aplicado al motociclismo de altas prestaciones. Sus atrevidas l\u00edneas, fabricadas en fibra de carbono, acero inoxidable o titanio, con detalles met\u00e1licos, le confieren un aspecto agresivo y sofisticado. La combinaci\u00f3n de excelentes materiales no s\u00f3lo optimiza el peso y la durabilidad, sino que tambi\u00e9n eleva la est\u00e9tica de la moto, reflejando un estilo contempor\u00e1neo para los entusiastas de la velocidad.<\/p>\n<\/div>\n<p>&nbsp;<\/p>\n<\/div>\n\n\t\t\t\t\t\t\t\t\t\t\t<\/div>\n\n\t\t\t\t\t\n\t\t\t\t\t\t\t\t\t<\/div>\n\t\t\t<\/div>\n\t\t<\/div><\/div><\/div><div class=\"wpb_column vc_column_container vc_col-sm-6\"><div class=\"vc_column-inner vc_custom_1490695011353\"><div class=\"wpb_wrapper\">\t\t\t<div class=\"info-box-wrapper\">\n\t\t\t\t<div id=\"wd-68b9c7b333ceb\" class=\"wd-rs-68b9c7b333ceb wd-info-box wd-wpb text-center box-icon-align-top box-style- color-scheme- wd-bg-none vc_custom_1757005770110\">\n\t\t\t\t\t\t\t\t\t\t\t<div class=\"box-icon-wrapper  box-with-icon box-icon-simple\">\n\t\t\t\t\t\t\t<div class=\"info-box-icon\">\n\n\t\t\t\t\t\t\t\n\t\t\t\t\t\t\t\t\t\t\t\t\t\t\t\t\t<img loading=\"lazy\" decoding=\"async\" width=\"150\" height=\"150\" src=\"https:\/\/loungegamers.com\/wp-content\/uploads\/2025\/09\/dinamometro-vetor-icone-copiar-150x150.webp\" class=\"attachment-thumbnail size-thumbnail\" alt=\"\" srcset=\"https:\/\/loungegamers.com\/wp-content\/uploads\/2025\/09\/dinamometro-vetor-icone-copiar-150x150.webp 150w, https:\/\/loungegamers.com\/wp-content\/uploads\/2025\/09\/dinamometro-vetor-icone-copiar-scaled-430x430.webp 430w, https:\/\/loungegamers.com\/wp-content\/uploads\/2025\/09\/dinamometro-vetor-icone-copiar-scaled-700x700.webp 700w, https:\/\/loungegamers.com\/wp-content\/uploads\/2025\/09\/dinamometro-vetor-icone-copiar-300x300.webp 300w, https:\/\/loungegamers.com\/wp-content\/uploads\/2025\/09\/dinamometro-vetor-icone-copiar-800x800.webp 800w, https:\/\/loungegamers.com\/wp-content\/uploads\/2025\/09\/dinamometro-vetor-icone-copiar-768x768.webp 768w, https:\/\/loungegamers.com\/wp-content\/uploads\/2025\/09\/dinamometro-vetor-icone-copiar-1536x1536.webp 1536w, https:\/\/loungegamers.com\/wp-content\/uploads\/2025\/09\/dinamometro-vetor-icone-copiar-2048x2048.webp 2048w, https:\/\/loungegamers.com\/wp-content\/uploads\/2025\/09\/dinamometro-vetor-icone-copiar-12x12.webp 12w\" sizes=\"auto, (max-width: 150px) 100vw, 150px\" \/>\t\t\t\t\t\t\t\t\t\t\t\t\t\t\t\n\t\t\t\t\t\t\t<\/div>\n\t\t\t\t\t\t<\/div>\n\t\t\t\t\t\t\t\t\t\t<div class=\"info-box-content\">\n\t\t\t\t\t\t<h4 class=\"info-box-title title box-title-style-default wd-fontsize-s\">PROBADO EN PISTA Y DINAM\u00d3METRO<\/h4>\t\t\t\t\t\t<div class=\"info-box-inner reset-last-child\"><\/p>\n<p style=\"text-align: center;\">Productos probados por pilotos profesionales en entornos controlados, con mediciones precisas en dinam\u00f3metro. Cada unidad se fabrica cuidadosamente, garantizando una atenci\u00f3n especial a cada detalle.<\/p>\n<p>\n<\/div>\n\n\t\t\t\t\t\t\t\t\t\t\t<\/div>\n\n\t\t\t\t\t\n\t\t\t\t\t\t\t\t\t<\/div>\n\t\t\t<\/div>\n\t\t<\/div><\/div><\/div><div class=\"wpb_column vc_column_container vc_col-sm-12\"><div class=\"vc_column-inner\"><div class=\"wpb_wrapper\"><\/div><\/div><\/div><\/div><\/div><\/div><\/div><\/div>\n<\/div>","protected":false},"excerpt":{"rendered":"ESCAPE MODERNO E LEVE PARA SUA MOTO! &nbsp; Sistema robusto e com ganho de performance, apenas trocando o sistema de","protected":false},"featured_media":14333,"comment_status":"open","ping_status":"closed","template":"","meta":[],"product_brand":[52],"product_cat":[179,27],"product_tag":[],"class_list":{"0":"post-14328","1":"product","2":"type-product","3":"status-publish","4":"has-post-thumbnail","6":"product_brand-honda","7":"product_cat-cb-cbr-500-f-r-x","8":"product_cat-honda","10":"first","11":"instock","12":"taxable","13":"shipping-taxable","14":"purchasable","15":"product-type-variable"},"_links":{"self":[{"href":"https:\/\/loungegamers.com\/es\/wp-json\/wp\/v2\/product\/14328","targetHints":{"allow":["GET"]}}],"collection":[{"href":"https:\/\/loungegamers.com\/es\/wp-json\/wp\/v2\/product"}],"about":[{"href":"https:\/\/loungegamers.com\/es\/wp-json\/wp\/v2\/types\/product"}],"replies":[{"embeddable":true,"href":"https:\/\/loungegamers.com\/es\/wp-json\/wp\/v2\/comments?post=14328"}],"wp:featuredmedia":[{"embeddable":true,"href":"https:\/\/loungegamers.com\/es\/wp-json\/wp\/v2\/media\/14333"}],"wp:attachment":[{"href":"https:\/\/loungegamers.com\/es\/wp-json\/wp\/v2\/media?parent=14328"}],"wp:term":[{"taxonomy":"product_brand","embeddable":true,"href":"https:\/\/loungegamers.com\/es\/wp-json\/wp\/v2\/product_brand?post=14328"},{"taxonomy":"product_cat","embeddable":true,"href":"https:\/\/loungegamers.com\/es\/wp-json\/wp\/v2\/product_cat?post=14328"},{"taxonomy":"product_tag","embeddable":true,"href":"https:\/\/loungegamers.com\/es\/wp-json\/wp\/v2\/product_tag?post=14328"}],"curies":[{"name":"wp","href":"https:\/\/api.w.org\/{rel}","templated":true}]}}