{"id":3,"date":"2025-05-23T14:09:16","date_gmt":"2025-05-23T17:09:16","guid":{"rendered":"https:\/\/loungegamers.com\/?page_id=3"},"modified":"2025-06-24T08:13:15","modified_gmt":"2025-06-24T11:13:15","slug":"politica-de-privacidad","status":"publish","type":"page","link":"https:\/\/loungegamers.com\/es\/politica-de-privacidad\/","title":{"rendered":"Pol\u00edtica de privacidad"},"content":{"rendered":"<h2 class=\"wp-block-heading\">Qui\u00e9nes somos<\/h2>\n\n\n\n<p><strong>Carbox Racing Industria e Comercio Ltda<\/strong> - CNPJ 73.023.350\/0001-47<\/p>\n\n\n\n<h2 class=\"wp-block-heading\">Comentarios<\/h2>\n\n\n\n<p>Cuando los visitantes dejan comentarios en el sitio, recopilamos los datos que aparecen en el formulario de comentarios, as\u00ed como la direcci\u00f3n IP y los datos del navegador del visitante, para ayudar a detectar el spam.<\/p>\n\n\n\n<p>Una cadena an\u00f3nima de caracteres creada a partir de su correo electr\u00f3nico (tambi\u00e9n llamada hash) puede enviarse a Gravatar para verificar que usted utiliza el servicio. La pol\u00edtica de privacidad de Gravatar est\u00e1 disponible aqu\u00ed: https:\/\/automattic.com\/privacy\/. Una vez aprobado tu comentario, tu foto de perfil ser\u00e1 visible p\u00fablicamente junto a tu comentario.<\/p>\n\n\n\n<h2 class=\"wp-block-heading\">Cookies<\/h2>\n\n\n\n<p>Cuando deja un comentario en el sitio, puede elegir guardar su nombre, direcci\u00f3n de correo electr\u00f3nico y sitio web en cookies. Esto es para su comodidad, para que no tenga que rellenar sus datos de nuevo cuando haga otro comentario. Estas cookies duran un a\u00f1o.<\/p>\n\n\n\n<p>Si tiene una cuenta y accede a este sitio, se crear\u00e1 una cookie temporal para determinar si su navegador acepta cookies. No contiene ning\u00fan dato personal y se descartar\u00e1 cuando cierre el navegador.<\/p>\n\n\n\n<p>Cuando accede a su cuenta en el sitio, tambi\u00e9n creamos varias cookies para guardar los datos de su cuenta y sus elecciones de visualizaci\u00f3n en pantalla. Las cookies de inicio de sesi\u00f3n se conservan durante dos d\u00edas y las de elecci\u00f3n de pantalla durante un a\u00f1o. Si selecciona \"Recordarme\", su acceso se conservar\u00e1 durante quince d\u00edas. Si cierra la sesi\u00f3n de su cuenta, se eliminar\u00e1n las cookies de inicio de sesi\u00f3n.<\/p>\n\n\n\n<p>Si edita o publica un art\u00edculo, se guardar\u00e1 una cookie adicional en su navegador. Esta cookie no incluye ning\u00fan dato personal y simplemente indica el ID de publicaci\u00f3n del art\u00edculo que acaba de editar. Caduca al cabo de 1 d\u00eda.<\/p>\n\n\n\n<h2 class=\"wp-block-heading\">Medios incrustados de otros sitios<\/h2>\n\n\n\n<p>Los art\u00edculos de este sitio pueden incluir contenido incrustado, como v\u00eddeos, im\u00e1genes, art\u00edculos, etc. El contenido incrustado de otros sitios se comporta exactamente igual que si el visitante estuviera visitando el otro sitio.<\/p>\n\n\n\n<p>Estos sitios web pueden recopilar datos sobre usted, utilizar cookies, incrustar seguimiento adicional de terceros y supervisar su interacci\u00f3n con este contenido incrustado, incluida su interacci\u00f3n con el contenido incrustado si tiene una cuenta y ha iniciado sesi\u00f3n en el sitio web.<\/p>\n\n\n\n<h2 class=\"wp-block-heading\">Con qui\u00e9n compartimos sus datos<\/h2>\n\n\n\n<p>Si solicita un restablecimiento de contrase\u00f1a, su direcci\u00f3n IP se incluir\u00e1 en el correo electr\u00f3nico de restablecimiento de contrase\u00f1a.<\/p>\n\n\n\n<h2 class=\"wp-block-heading\">Cu\u00e1nto tiempo conservamos sus datos<\/h2>\n\n\n\n<p>Si deja un comentario, el comentario y sus metadatos se conservan indefinidamente. Lo hacemos para poder reconocer y aprobar autom\u00e1ticamente cualquier comentario posterior en lugar de retenerlos para su moderaci\u00f3n.<\/p>\n\n\n\n<p>Para los usuarios que se registran en nuestro sitio (si los hay), tambi\u00e9n almacenamos la informaci\u00f3n personal que proporcionan en su perfil de usuario. Todos los usuarios pueden ver, editar o borrar su informaci\u00f3n personal en cualquier momento (s\u00f3lo su nombre de usuario no se puede cambiar). Los administradores del sitio tambi\u00e9n pueden ver y editar esta informaci\u00f3n.<\/p>\n\n\n\n<h2 class=\"wp-block-heading\">Qu\u00e9 derechos tiene sobre sus datos<\/h2>\n\n\n\n<p>Puede pedirnos que eliminemos cualquier dato personal que tengamos sobre usted. Esto no incluye ning\u00fan dato que estemos obligados a conservar por motivos administrativos, legales o de seguridad.<\/p>","protected":false},"excerpt":{"rendered":"<p>Quem somos Carbox Racing Industria e Comercio Ltda &#8211; CNPJ 73.023.350\/0001-47 Coment\u00e1rios Quando os visitantes deixam coment\u00e1rios no site, coletamos<\/p>","protected":false},"author":1,"featured_media":0,"parent":0,"menu_order":0,"comment_status":"closed","ping_status":"open","template":"","meta":{"footnotes":""},"class_list":["post-3","page","type-page","status-publish","hentry"],"_links":{"self":[{"href":"https:\/\/loungegamers.com\/es\/wp-json\/wp\/v2\/pages\/3","targetHints":{"allow":["GET"]}}],"collection":[{"href":"https:\/\/loungegamers.com\/es\/wp-json\/wp\/v2\/pages"}],"about":[{"href":"https:\/\/loungegamers.com\/es\/wp-json\/wp\/v2\/types\/page"}],"author":[{"embeddable":true,"href":"https:\/\/loungegamers.com\/es\/wp-json\/wp\/v2\/users\/1"}],"replies":[{"embeddable":true,"href":"https:\/\/loungegamers.com\/es\/wp-json\/wp\/v2\/comments?post=3"}],"version-history":[{"count":0,"href":"https:\/\/loungegamers.com\/es\/wp-json\/wp\/v2\/pages\/3\/revisions"}],"wp:attachment":[{"href":"https:\/\/loungegamers.com\/es\/wp-json\/wp\/v2\/media?parent=3"}],"curies":[{"name":"wp","href":"https:\/\/api.w.org\/{rel}","templated":true}]}}