{"id":15081,"date":"2026-02-23T16:19:52","date_gmt":"2026-02-23T19:19:52","guid":{"rendered":"https:\/\/loungegamers.com\/?post_type=product&#038;p=15081"},"modified":"2026-02-23T17:29:18","modified_gmt":"2026-02-23T20:29:18","slug":"escape-full-2x1-caracol-evok-f-900-r","status":"publish","type":"product","link":"https:\/\/loungegamers.com\/en\/product\/escape-full-2x1-caracol-evok-f-900-r\/","title":{"rendered":"Full 2\u00d71 Caracol + Evok exhaust - F 900 R"},"content":{"rendered":"<div class=\"wpb-content-wrapper\"><div class=\"vc_row wpb_row vc_row-fluid vc_row-o-content-top vc_row-flex\"><div class=\"wpb_column vc_column_container vc_col-sm-6\"><div class=\"vc_column-inner\"><div class=\"wpb_wrapper\">\n<p>A <strong>Carbox Racing<\/strong> eleva o padr\u00e3o de performance e est\u00e9tica com a ponteira <strong>Evok<\/strong>, desenvolvida especialmente para motociclistas que n\u00e3o abrem m\u00e3o de presen\u00e7a e sofistica\u00e7\u00e3o. Com um <strong>tamanho m\u00e9dio de 41 cm<\/strong>, o modelo equilibra perfeitamente as propor\u00e7\u00f5es da moto, apresentando um <strong>design moderno<\/strong> de linhas arrojadas que renova o visual da sua moto. O grande destaque, por\u00e9m, est\u00e1 na experi\u00eancia sonora: a Evok entrega um <strong>ronco grave e encorpado<\/strong>, conferindo uma identidade robusta e esportiva.<\/p>\n\t\t<div id=\"wd-699cb5d676d81\" class=\"wd-text-block wd-wpb reset-last-child wd-rs-699cb5d676d81 text-left\">\n\t\t\t<h3 dir=\"ltr\"><strong>Items included:<\/strong><\/h3>\n<ul>\n<li dir=\"ltr\">Coletor Full 2\u00d71<\/li>\n<li dir=\"ltr\">Tip in the desired material and carbon fiber nozzle;<\/li>\n<li dir=\"ltr\">DB Killer;<\/li>\n<li dir=\"ltr\">Kit de instala\u00e7\u00e3o<\/li>\n<\/ul>\n<div dir=\"ltr\"><\/div>\n<h4 class=\"css-146c3p1 r-bcqeeo r-1ttztb7 r-qvutc0 r-37j5jr r-a023e6 r-16dba41 r-1adg3ll r-1b5gpbm r-a8ghvy\" dir=\"ltr\"><strong><span class=\"css-1jxf684 r-bcqeeo r-1ttztb7 r-qvutc0 r-poiln3\"><span class=\"css-1jxf684 r-bcqeeo r-1ttztb7 r-qvutc0 r-poiln3 r-b88u0q r-a8ghvy\"><span class=\"css-1jxf684 r-bcqeeo r-1ttztb7 r-qvutc0 r-poiln3 r-a8ghvy\">Technical specifications:<\/span><\/span><\/span><\/strong><\/h4>\n<blockquote>\n<ul dir=\"ltr\">\n<li>\n<p class=\"css-146c3p1 r-bcqeeo r-1ttztb7 r-qvutc0 r-37j5jr r-a023e6 r-rjixqe r-16dba41\" dir=\"ltr\"><span class=\"css-1jxf684 r-bcqeeo r-1ttztb7 r-qvutc0 r-poiln3 r-b88u0q r-a8ghvy\"><span class=\"css-1jxf684 r-bcqeeo r-1ttztb7 r-qvutc0 r-poiln3\"><span class=\"css-1jxf684 r-bcqeeo r-1ttztb7 r-qvutc0 r-poiln3 r-a8ghvy\">Measured Power Gain:<\/span><\/span><\/span><span class=\"css-1jxf684 r-bcqeeo r-1ttztb7 r-qvutc0 r-poiln3 r-a8ghvy\"><span class=\"css-1jxf684 r-bcqeeo r-1ttztb7 r-qvutc0 r-poiln3\"><strong> Cerca de 15,66 CV<\/strong>&nbsp;(Exhaust replacement only, no remap).<\/span><\/span><\/p>\n<\/li>\n<li>\n<p class=\"css-146c3p1 r-bcqeeo r-1ttztb7 r-qvutc0 r-37j5jr r-a023e6 r-rjixqe r-16dba41\" dir=\"ltr\"><span class=\"css-1jxf684 r-bcqeeo r-1ttztb7 r-qvutc0 r-poiln3 r-b88u0q r-a8ghvy\"><span class=\"css-1jxf684 r-bcqeeo r-1ttztb7 r-qvutc0 r-poiln3\"><span class=\"css-1jxf684 r-bcqeeo r-1ttztb7 r-qvutc0 r-poiln3 r-a8ghvy\">Pipe sizing<\/span><\/span><\/span><span class=\"css-1jxf684 r-bcqeeo r-1ttztb7 r-qvutc0 r-poiln3 r-a8ghvy\"><span class=\"css-1jxf684 r-bcqeeo r-1ttztb7 r-qvutc0 r-poiln3\">&nbsp;custom-designed to ensure optimal sizing and optimize gas flow.<\/span><\/span><\/p>\n<\/li>\n<li>Instala\u00e7\u00e3o Plug and Play, sem modifica\u00e7\u00f5es.<\/li>\n<\/ul>\n<\/blockquote>\n<p>&nbsp;<\/p>\n\t\t<\/div>\n\t\t\n<p><strong>About Inmetro Certification:<\/strong><\/p>\n\n\n\n<p>This exhaust is not subject to compulsory certification by Inmetro, as stipulated in article 3 of Inmetro Ordinance No. 123\/2014, as amended by Inmetro Ordinance No. 194\/2019, for components intended for vehicles with an engine capacity of more than 450 cubic meters or a maximum power of more than 25 kW (34 hp). <\/p>\n\n\n\n<p><a href=\"https:\/\/drive.google.com\/file\/d\/1fqWG9U-dyclG2QtoK2YZlot-2GjhQsKo\/view?usp=sharing\">&gt;&gt; See our newsletter by clicking here &lt;&lt;<\/a><\/p>\n\n\n\n<p>Note: Installation by qualified professionals is recommended to ensure correct operation.<\/p>\n\n\n\n<p><\/p>\n<\/div><\/div><\/div><div class=\"wpb_column vc_column_container vc_col-sm-6\"><div class=\"vc_column-inner vc_custom_1490694541710\"><div class=\"wpb_wrapper\"><div class=\"vc_row wpb_row vc_inner vc_row-fluid vc_row-o-content-top vc_row-flex\"><div class=\"wpb_column vc_column_container vc_col-sm-6\"><div class=\"vc_column-inner vc_custom_1490695008312\"><div class=\"wpb_wrapper\">\t\t\t<div class=\"info-box-wrapper\">\n\t\t\t\t<div id=\"wd-68c03c6b8876c\" class=\"wd-rs-68c03c6b8876c wd-info-box wd-wpb text-center box-icon-align-top box-style- color-scheme- wd-bg-none vc_custom_1757428866202\">\n\t\t\t\t\t\t\t\t\t\t\t<div class=\"box-icon-wrapper  box-with-icon box-icon-simple\">\n\t\t\t\t\t\t\t<div class=\"info-box-icon\">\n\n\t\t\t\t\t\t\t\n\t\t\t\t\t\t\t\t\t\t\t\t\t\t\t\t\t<img loading=\"lazy\" decoding=\"async\" width=\"50\" height=\"50\" src=\"https:\/\/loungegamers.com\/wp-content\/uploads\/2025\/09\/ponteira-gptech-icon-2-1-50x50.png\" class=\"attachment-50x50 size-50x50\" alt=\"\" \/>\t\t\t\t\t\t\t\t\t\t\t\t\t\t\t\n\t\t\t\t\t\t\t<\/div>\n\t\t\t\t\t\t<\/div>\n\t\t\t\t\t\t\t\t\t\t<div class=\"info-box-content\">\n\t\t\t\t\t\t<h4 class=\"info-box-title title box-title-style-default wd-fontsize-s\">MODERNITY AND PERFORMANCE<\/h4>\t\t\t\t\t\t<div class=\"info-box-inner reset-last-child\"><\/p>\n<div id=\"model-response-message-contentr_65c7f1b8218215d9\" class=\"markdown markdown-main-panel stronger enable-updated-hr-color\" dir=\"ltr\">\n<p>The Carbox exhaust tip embodies modern design applied to high-performance motorcycling. Its bold lines, made of carbon fiber, stainless steel or titanium, with metal details, give it an aggressive and sophisticated look. The combination of excellent materials not only optimizes weight and durability, but also raises the aesthetics of the motorcycle, reflecting a contemporary style for speed enthusiasts.<\/p>\n<\/div>\n<p>&nbsp;<\/p>\n<\/div>\n\n\t\t\t\t\t\t\t\t\t\t\t<\/div>\n\n\t\t\t\t\t\n\t\t\t\t\t\t\t\t\t<\/div>\n\t\t\t<\/div>\n\t\t<\/div><\/div><\/div><div class=\"wpb_column vc_column_container vc_col-sm-6\"><div class=\"vc_column-inner vc_custom_1490695011353\"><div class=\"wpb_wrapper\">\t\t\t<div class=\"info-box-wrapper\">\n\t\t\t\t<div id=\"wd-683f31d7a47ce\" class=\"wd-rs-683f31d7a47ce wd-info-box wd-wpb text-center box-icon-align-top box-style- color-scheme- wd-bg-none vc_custom_1748972286758\">\n\t\t\t\t\t\t\t\t\t\t\t<div class=\"box-icon-wrapper  box-with-icon box-icon-simple\">\n\t\t\t\t\t\t\t<div class=\"info-box-icon\">\n\n\t\t\t\t\t\t\t\n\t\t\t\t\t\t\t\t\t\t\t\t\t\t\t\t\t<img loading=\"lazy\" decoding=\"async\" width=\"50\" height=\"50\" src=\"https:\/\/loungegamers.com\/wp-content\/uploads\/2025\/05\/25561-50x50.png\" class=\"attachment-50x50 size-50x50\" alt=\"\" srcset=\"https:\/\/loungegamers.com\/wp-content\/uploads\/2025\/05\/25561-50x50.png 50w, https:\/\/loungegamers.com\/wp-content\/uploads\/2025\/05\/25561-430x430.png 430w, https:\/\/loungegamers.com\/wp-content\/uploads\/2025\/05\/25561-150x150.png 150w, https:\/\/loungegamers.com\/wp-content\/uploads\/2025\/05\/25561-300x300.png 300w, https:\/\/loungegamers.com\/wp-content\/uploads\/2025\/05\/25561.png 512w\" sizes=\"auto, (max-width: 50px) 100vw, 50px\" \/>\t\t\t\t\t\t\t\t\t\t\t\t\t\t\t\n\t\t\t\t\t\t\t<\/div>\n\t\t\t\t\t\t<\/div>\n\t\t\t\t\t\t\t\t\t\t<div class=\"info-box-content\">\n\t\t\t\t\t\t<h4 class=\"info-box-title title box-title-style-default wd-fontsize-s\">TRACK AND DYNAMOMETER TESTED<\/h4>\t\t\t\t\t\t<div class=\"info-box-inner reset-last-child\"><\/p>\n<p style=\"text-align: center;\">Products tested by professional riders in controlled environments, with precise dynamometer measurements. Each unit is carefully manufactured, ensuring special attention to every detail.<\/p>\n<p>\n<\/div>\n\n\t\t\t\t\t\t\t\t\t\t\t<\/div>\n\n\t\t\t\t\t\n\t\t\t\t\t\t\t\t\t<\/div>\n\t\t\t<\/div>\n\t\t<\/div><\/div><\/div><div class=\"wpb_column vc_column_container vc_col-sm-12\"><div class=\"vc_column-inner\"><div class=\"wpb_wrapper\">\n\t<div class=\"wpb_video_widget wpb_content_element vc_clearfix vc_video-aspect-ratio-169 vc_video-el-width-100 vc_video-align-left wd-rs-699cb8740216a\" >\n\t\t<div class=\"wpb_wrapper\">\n\t\t\t\n\t\t\t<div class=\"wpb_video_wrapper\"><iframe loading=\"lazy\" title=\"Ronco BMW F 900 R\" width=\"500\" height=\"281\" src=\"https:\/\/www.youtube.com\/embed\/iB-hL8AXU3o?feature=oembed\" frameborder=\"0\" allow=\"accelerometer; autoplay; clipboard-write; encrypted-media; gyroscope; picture-in-picture; web-share\" referrerpolicy=\"strict-origin-when-cross-origin\" allowfullscreen><\/iframe><\/div>\n\t\t<\/div>\n\t<\/div>\n<\/div><\/div><\/div><\/div><\/div><\/div><\/div><\/div>\n<\/div>","protected":false},"excerpt":{"rendered":"A Carbox Racing eleva o padr\u00e3o de performance e est\u00e9tica com a ponteira Evok, desenvolvida especialmente para motociclistas que n\u00e3o","protected":false},"featured_media":15089,"comment_status":"open","ping_status":"closed","template":"","meta":[],"product_brand":[],"product_cat":[21],"product_tag":[],"class_list":{"0":"post-15081","1":"product","2":"type-product","3":"status-publish","4":"has-post-thumbnail","6":"product_cat-acessorios","8":"first","9":"instock","10":"taxable","11":"shipping-taxable","12":"purchasable","13":"product-type-variable"},"_links":{"self":[{"href":"https:\/\/loungegamers.com\/en\/wp-json\/wp\/v2\/product\/15081","targetHints":{"allow":["GET"]}}],"collection":[{"href":"https:\/\/loungegamers.com\/en\/wp-json\/wp\/v2\/product"}],"about":[{"href":"https:\/\/loungegamers.com\/en\/wp-json\/wp\/v2\/types\/product"}],"replies":[{"embeddable":true,"href":"https:\/\/loungegamers.com\/en\/wp-json\/wp\/v2\/comments?post=15081"}],"wp:featuredmedia":[{"embeddable":true,"href":"https:\/\/loungegamers.com\/en\/wp-json\/wp\/v2\/media\/15089"}],"wp:attachment":[{"href":"https:\/\/loungegamers.com\/en\/wp-json\/wp\/v2\/media?parent=15081"}],"wp:term":[{"taxonomy":"product_brand","embeddable":true,"href":"https:\/\/loungegamers.com\/en\/wp-json\/wp\/v2\/product_brand?post=15081"},{"taxonomy":"product_cat","embeddable":true,"href":"https:\/\/loungegamers.com\/en\/wp-json\/wp\/v2\/product_cat?post=15081"},{"taxonomy":"product_tag","embeddable":true,"href":"https:\/\/loungegamers.com\/en\/wp-json\/wp\/v2\/product_tag?post=15081"}],"curies":[{"name":"wp","href":"https:\/\/api.w.org\/{rel}","templated":true}]}}