{"id":14743,"date":"2026-01-26T13:42:37","date_gmt":"2026-01-26T16:42:37","guid":{"rendered":"https:\/\/loungegamers.com\/?post_type=product&#038;p=14743"},"modified":"2026-02-05T09:10:00","modified_gmt":"2026-02-05T12:10:00","slug":"full-exhaust-2x1-scorpion-gp720-cb500f-cbr500r-cb500x","status":"publish","type":"product","link":"https:\/\/loungegamers.com\/en\/product\/full-exhaust-2x1-scorpion-gp720-cb500f-cbr500r-cb500x\/","title":{"rendered":"Full 2\u00d71 Scorpion GP720 Exhaust - CB500F \/ CBR500R \/ CB500X"},"content":{"rendered":"<div class=\"wpb-content-wrapper\"><div class=\"vc_row wpb_row vc_row-fluid vc_row-o-content-top vc_row-flex\"><div class=\"wpb_column vc_column_container vc_col-sm-6\"><div class=\"vc_column-inner\"><div class=\"wpb_wrapper\">\n<p>The tip <strong>Scorpion GP720<\/strong> is the ideal choice for motorcyclists looking to radically transform the aesthetics and sound presence of their machine. With a compact body of just <strong>28 cm<\/strong>, its design <strong>conical<\/strong> gives it an aggressive and minimalist look, directly reminiscent of high-performance competitions. In terms of sound, it delivers a rumble with a striking personality, characterized by a tone <strong>sharp and shrill<\/strong>, This ensures that the bike is noticeable from afar with an imposing and sporty volume.<\/p>\n\t\t<div id=\"wd-69779b3e230f5\" class=\"wd-text-block wd-wpb reset-last-child wd-rs-69779b3e230f5 text-left\">\n\t\t\t<h3 dir=\"ltr\"><strong>Items included:<\/strong><\/h3>\n<ul>\n<li dir=\"ltr\">Full 2\u00d71 collector<\/li>\n<li dir=\"ltr\" style=\"text-align: left;\">Tip in the desired material and carbon fiber nozzle;<\/li>\n<li dir=\"ltr\" style=\"text-align: left;\">DB Killer;<\/li>\n<li dir=\"ltr\" style=\"text-align: left;\">Carbon fiber clamp;<\/li>\n<li dir=\"ltr\" style=\"text-align: left;\">Stainless steel clamps;<\/li>\n<\/ul>\n<div dir=\"ltr\"><\/div>\n<h4 class=\"css-146c3p1 r-bcqeeo r-1ttztb7 r-qvutc0 r-37j5jr r-a023e6 r-16dba41 r-1adg3ll r-1b5gpbm r-a8ghvy\" dir=\"ltr\"><strong><span class=\"css-1jxf684 r-bcqeeo r-1ttztb7 r-qvutc0 r-poiln3\"><span class=\"css-1jxf684 r-bcqeeo r-1ttztb7 r-qvutc0 r-poiln3 r-b88u0q r-a8ghvy\"><span class=\"css-1jxf684 r-bcqeeo r-1ttztb7 r-qvutc0 r-poiln3 r-a8ghvy\">Technical specifications:<\/span><\/span><\/span><\/strong><\/h4>\n<blockquote>\n<ul dir=\"ltr\">\n<li>\n<p class=\"css-146c3p1 r-bcqeeo r-1ttztb7 r-qvutc0 r-37j5jr r-a023e6 r-rjixqe r-16dba41\" dir=\"ltr\"><span class=\"css-1jxf684 r-bcqeeo r-1ttztb7 r-qvutc0 r-poiln3 r-b88u0q r-a8ghvy\"><span class=\"css-1jxf684 r-bcqeeo r-1ttztb7 r-qvutc0 r-poiln3\"><span class=\"css-1jxf684 r-bcqeeo r-1ttztb7 r-qvutc0 r-poiln3 r-a8ghvy\">Measured Power Gain:<\/span><\/span><\/span><span class=\"css-1jxf684 r-bcqeeo r-1ttztb7 r-qvutc0 r-poiln3 r-a8ghvy\"><span class=\"css-1jxf684 r-bcqeeo r-1ttztb7 r-qvutc0 r-poiln3\"><strong> Around 4 HP<\/strong> (Exhaust replacement only, no remap).<\/span><\/span><\/p>\n<\/li>\n<li>\n<p class=\"css-146c3p1 r-bcqeeo r-1ttztb7 r-qvutc0 r-37j5jr r-a023e6 r-rjixqe r-16dba41\" dir=\"ltr\"><span class=\"css-1jxf684 r-bcqeeo r-1ttztb7 r-qvutc0 r-poiln3 r-b88u0q r-a8ghvy\"><span class=\"css-1jxf684 r-bcqeeo r-1ttztb7 r-qvutc0 r-poiln3\"><span class=\"css-1jxf684 r-bcqeeo r-1ttztb7 r-qvutc0 r-poiln3 r-a8ghvy\">Pipe sizing<\/span><\/span><\/span><span class=\"css-1jxf684 r-bcqeeo r-1ttztb7 r-qvutc0 r-poiln3 r-a8ghvy\"><span class=\"css-1jxf684 r-bcqeeo r-1ttztb7 r-qvutc0 r-poiln3\"> custom-designed to ensure optimal sizing and optimize gas flow.<\/span><\/span><\/p>\n<\/li>\n<\/ul>\n<\/blockquote>\n<p>&nbsp;<\/p>\n\t\t<\/div>\n\t\t\n<p><strong>About Inmetro Certification:<\/strong><\/p>\n\n\n\n<p>This exhaust is not subject to compulsory certification by Inmetro, as stipulated in article 3 of Inmetro Ordinance No. 123\/2014, as amended by Inmetro Ordinance No. 194\/2019, for components intended for vehicles with an engine capacity of more than 450 cubic meters or a maximum power of more than 25 kW (34 hp). <\/p>\n\n\n\n<p><a href=\"https:\/\/drive.google.com\/file\/d\/1fqWG9U-dyclG2QtoK2YZlot-2GjhQsKo\/view?usp=sharing\">&gt;&gt; See our newsletter by clicking here &lt;&lt;<\/a><\/p>\n\n\n\n<p>Note: Installation by qualified professionals is recommended to ensure correct operation.<\/p>\n\n\n\n<p><\/p>\n<\/div><\/div><\/div><div class=\"wpb_column vc_column_container vc_col-sm-6\"><div class=\"vc_column-inner vc_custom_1490694541710\"><div class=\"wpb_wrapper\"><div class=\"vc_row wpb_row vc_inner vc_row-fluid vc_row-o-content-top vc_row-flex\"><div class=\"wpb_column vc_column_container vc_col-sm-6\"><div class=\"vc_column-inner vc_custom_1490695008312\"><div class=\"wpb_wrapper\">\t\t\t<div class=\"info-box-wrapper\">\n\t\t\t\t<div id=\"wd-68c03c6b8876c\" class=\"wd-rs-68c03c6b8876c wd-info-box wd-wpb text-center box-icon-align-top box-style- color-scheme- wd-bg-none vc_custom_1757428866202\">\n\t\t\t\t\t\t\t\t\t\t\t<div class=\"box-icon-wrapper  box-with-icon box-icon-simple\">\n\t\t\t\t\t\t\t<div class=\"info-box-icon\">\n\n\t\t\t\t\t\t\t\n\t\t\t\t\t\t\t\t\t\t\t\t\t\t\t\t\t<img loading=\"lazy\" decoding=\"async\" width=\"50\" height=\"50\" src=\"https:\/\/loungegamers.com\/wp-content\/uploads\/2025\/09\/ponteira-gptech-icon-2-1-50x50.png\" class=\"attachment-50x50 size-50x50\" alt=\"\" \/>\t\t\t\t\t\t\t\t\t\t\t\t\t\t\t\n\t\t\t\t\t\t\t<\/div>\n\t\t\t\t\t\t<\/div>\n\t\t\t\t\t\t\t\t\t\t<div class=\"info-box-content\">\n\t\t\t\t\t\t<h4 class=\"info-box-title title box-title-style-default wd-fontsize-s\">MODERNITY AND PERFORMANCE<\/h4>\t\t\t\t\t\t<div class=\"info-box-inner reset-last-child\"><\/p>\n<div id=\"model-response-message-contentr_65c7f1b8218215d9\" class=\"markdown markdown-main-panel stronger enable-updated-hr-color\" dir=\"ltr\">\n<p>The Carbox exhaust tip embodies modern design applied to high-performance motorcycling. Its bold lines, made of carbon fiber, stainless steel or titanium, with metal details, give it an aggressive and sophisticated look. The combination of excellent materials not only optimizes weight and durability, but also raises the aesthetics of the motorcycle, reflecting a contemporary style for speed enthusiasts.<\/p>\n<\/div>\n<p>&nbsp;<\/p>\n<\/div>\n\n\t\t\t\t\t\t\t\t\t\t\t<\/div>\n\n\t\t\t\t\t\n\t\t\t\t\t\t\t\t\t<\/div>\n\t\t\t<\/div>\n\t\t<\/div><\/div><\/div><div class=\"wpb_column vc_column_container vc_col-sm-6\"><div class=\"vc_column-inner vc_custom_1490695011353\"><div class=\"wpb_wrapper\">\t\t\t<div class=\"info-box-wrapper\">\n\t\t\t\t<div id=\"wd-683f31d7a47ce\" class=\"wd-rs-683f31d7a47ce wd-info-box wd-wpb text-center box-icon-align-top box-style- color-scheme- wd-bg-none vc_custom_1748972286758\">\n\t\t\t\t\t\t\t\t\t\t\t<div class=\"box-icon-wrapper  box-with-icon box-icon-simple\">\n\t\t\t\t\t\t\t<div class=\"info-box-icon\">\n\n\t\t\t\t\t\t\t\n\t\t\t\t\t\t\t\t\t\t\t\t\t\t\t\t\t<img loading=\"lazy\" decoding=\"async\" width=\"50\" height=\"50\" src=\"https:\/\/loungegamers.com\/wp-content\/uploads\/2025\/05\/25561-50x50.png\" class=\"attachment-50x50 size-50x50\" alt=\"\" srcset=\"https:\/\/loungegamers.com\/wp-content\/uploads\/2025\/05\/25561-50x50.png 50w, https:\/\/loungegamers.com\/wp-content\/uploads\/2025\/05\/25561-430x430.png 430w, https:\/\/loungegamers.com\/wp-content\/uploads\/2025\/05\/25561-150x150.png 150w, https:\/\/loungegamers.com\/wp-content\/uploads\/2025\/05\/25561-300x300.png 300w, https:\/\/loungegamers.com\/wp-content\/uploads\/2025\/05\/25561.png 512w\" sizes=\"auto, (max-width: 50px) 100vw, 50px\" \/>\t\t\t\t\t\t\t\t\t\t\t\t\t\t\t\n\t\t\t\t\t\t\t<\/div>\n\t\t\t\t\t\t<\/div>\n\t\t\t\t\t\t\t\t\t\t<div class=\"info-box-content\">\n\t\t\t\t\t\t<h4 class=\"info-box-title title box-title-style-default wd-fontsize-s\">TRACK AND DYNAMOMETER TESTED<\/h4>\t\t\t\t\t\t<div class=\"info-box-inner reset-last-child\"><\/p>\n<p style=\"text-align: center;\">Products tested by professional riders in controlled environments, with precise dynamometer measurements. Each unit is carefully manufactured, ensuring special attention to every detail.<\/p>\n<p>\n<\/div>\n\n\t\t\t\t\t\t\t\t\t\t\t<\/div>\n\n\t\t\t\t\t\n\t\t\t\t\t\t\t\t\t<\/div>\n\t\t\t<\/div>\n\t\t<\/div><\/div><\/div><div class=\"wpb_column vc_column_container vc_col-sm-12\"><div class=\"vc_column-inner\"><div class=\"wpb_wrapper\">\n\t<div class=\"wpb_video_widget wpb_content_element vc_clearfix vc_video-aspect-ratio-169 vc_video-el-width-100 vc_video-align-left wd-rs-698488919e06d\" >\n\t\t<div class=\"wpb_wrapper\">\n\t\t\t\n\t\t\t<div class=\"wpb_video_wrapper\"><iframe loading=\"lazy\" title=\"CB500F 2021 WITH NEW SPORTS EXHAUST\" width=\"500\" height=\"281\" src=\"https:\/\/www.youtube.com\/embed\/49qMTozcnbQ?feature=oembed\" frameborder=\"0\" allow=\"accelerometer; autoplay; clipboard-write; encrypted-media; gyroscope; picture-in-picture; web-share\" referrerpolicy=\"strict-origin-when-cross-origin\" allowfullscreen><\/iframe><\/div>\n\t\t<\/div>\n\t<\/div>\n<\/div><\/div><\/div><\/div><\/div><\/div><\/div><\/div>\n<\/div>","protected":false},"excerpt":{"rendered":"A ponteira Scorpion GP720 \u00e9 a escolha ideal para motociclistas que buscam transformar radicalmente a est\u00e9tica e a presen\u00e7a sonora","protected":false},"featured_media":14749,"comment_status":"open","ping_status":"closed","template":"","meta":[],"product_brand":[52],"product_cat":[179,27],"product_tag":[],"class_list":{"0":"post-14743","1":"product","2":"type-product","3":"status-publish","4":"has-post-thumbnail","6":"product_brand-honda","7":"product_cat-cb-cbr-500-f-r-x","8":"product_cat-honda","10":"first","11":"instock","12":"taxable","13":"shipping-taxable","14":"purchasable","15":"product-type-variable"},"_links":{"self":[{"href":"https:\/\/loungegamers.com\/en\/wp-json\/wp\/v2\/product\/14743","targetHints":{"allow":["GET"]}}],"collection":[{"href":"https:\/\/loungegamers.com\/en\/wp-json\/wp\/v2\/product"}],"about":[{"href":"https:\/\/loungegamers.com\/en\/wp-json\/wp\/v2\/types\/product"}],"replies":[{"embeddable":true,"href":"https:\/\/loungegamers.com\/en\/wp-json\/wp\/v2\/comments?post=14743"}],"wp:featuredmedia":[{"embeddable":true,"href":"https:\/\/loungegamers.com\/en\/wp-json\/wp\/v2\/media\/14749"}],"wp:attachment":[{"href":"https:\/\/loungegamers.com\/en\/wp-json\/wp\/v2\/media?parent=14743"}],"wp:term":[{"taxonomy":"product_brand","embeddable":true,"href":"https:\/\/loungegamers.com\/en\/wp-json\/wp\/v2\/product_brand?post=14743"},{"taxonomy":"product_cat","embeddable":true,"href":"https:\/\/loungegamers.com\/en\/wp-json\/wp\/v2\/product_cat?post=14743"},{"taxonomy":"product_tag","embeddable":true,"href":"https:\/\/loungegamers.com\/en\/wp-json\/wp\/v2\/product_tag?post=14743"}],"curies":[{"name":"wp","href":"https:\/\/api.w.org\/{rel}","templated":true}]}}