{"id":9675,"date":"2025-06-04T08:21:25","date_gmt":"2025-06-04T11:21:25","guid":{"rendered":"https:\/\/loungegamers.com\/rastrear-encomenda\/"},"modified":"2025-06-26T08:52:53","modified_gmt":"2025-06-26T11:52:53","slug":"track-package","status":"publish","type":"page","link":"https:\/\/loungegamers.com\/en\/track-package\/","title":{"rendered":"Order tracking"},"content":{"rendered":"<div class=\"wpb-content-wrapper\"><div class=\"vc_row wpb_row vc_row-fluid\"><div class=\"wpb_column vc_column_container vc_col-sm-12\"><div class=\"vc_column-inner\"><div class=\"wpb_wrapper\">\n\t<div class=\"wpb_text_column wpb_content_element\" >\n\t\t<div class=\"wpb_wrapper\">\n\t\t\t<p>Note: You can only track orders that have been issued on our website.<\/p>\n<p>\n<form method=\"get\" class=\"infixs-correios-automatico-tracking-search-form\" action=\"\">\n\t<label for=\"search_tracking_code\">Enter the tracking code:<\/label>\n\t<div class=\"infixs-correios-automatico-tracking-search-form-input\">\n\t\t<input type=\"text\" id=\"search_tracking_code\" name=\"code\" value=\"\"\n\t\t\trequired>\n\t\t<button type=\"submit\">Track<\/button>\n\t<\/div>\n<input type=\"hidden\" name=\"trp-form-language\" value=\"en\"\/><\/form>\n\n<div class=\"infixs-caref-order-tracking-history\">\n\t\t\t\t<div class=\"infixs-caref-order-tracking-box\">\n\t\t\t\t\t\t\t<div class=\"infixs-caref-order-tracking-info\">\n\t\t\t\t\t<p>There are still no tracking events for the selected code, try another one.<\/p>\n\t\t\t\t\t<a href=\"https:\/\/rastreamento.correios.com.br\/app\/index.php\" target=\"_blank\"\n\t\t\t\t\t\tclass=\"button button-primary\">Track Post Office Website<\/a>\n\t\t\t\t<\/div>\n\t\t\t\t\t<\/div>\n\t<\/div><br \/>\n<!-- \/wp:post-content --><\/p>\n<p>&nbsp;<\/p>\n<p><!-- wp:separator --><\/p>\n<hr class=\"wp-block-separator has-alpha-channel-opacity\" \/><!-- \/wp:separator --><\/p>\n<p>&nbsp;<\/p>\n<p><strong>If you have purchased a product and selected the Total Express carrier, track it using the link below:\u00a0<\/strong><\/p>\n<p><!-- wp:html --><a class=\"button button-primary\" href=\"https:\/\/totalconecta.totalexpress.com.br\/rastreamento\" target=\"_blank\" rel=\"noopener\">Track a Total Express package<\/a><\/p>\n<p><!-- \/wp:html -->\u00a0<\/p>\n<p><!-- wp:paragraph \/--><\/p>\n<p>&nbsp;<\/p>\n\n\t\t<\/div>\n\t<\/div>\n<\/div><\/div><\/div><\/div><\/div>","protected":false},"excerpt":{"rendered":"Observa\u00e7\u00e3o: Voc\u00ea s\u00f3 pode rastrear pedidos que foram emitidos em nosso site. Insira o c\u00f3digo de rastreio: Rastrear Ainda n\u00e3o","protected":false},"author":1,"featured_media":0,"parent":0,"menu_order":0,"comment_status":"closed","ping_status":"closed","template":"","meta":{"footnotes":""},"class_list":["post-9675","page","type-page","status-publish","hentry"],"_links":{"self":[{"href":"https:\/\/loungegamers.com\/en\/wp-json\/wp\/v2\/pages\/9675","targetHints":{"allow":["GET"]}}],"collection":[{"href":"https:\/\/loungegamers.com\/en\/wp-json\/wp\/v2\/pages"}],"about":[{"href":"https:\/\/loungegamers.com\/en\/wp-json\/wp\/v2\/types\/page"}],"author":[{"embeddable":true,"href":"https:\/\/loungegamers.com\/en\/wp-json\/wp\/v2\/users\/1"}],"replies":[{"embeddable":true,"href":"https:\/\/loungegamers.com\/en\/wp-json\/wp\/v2\/comments?post=9675"}],"version-history":[{"count":0,"href":"https:\/\/loungegamers.com\/en\/wp-json\/wp\/v2\/pages\/9675\/revisions"}],"wp:attachment":[{"href":"https:\/\/loungegamers.com\/en\/wp-json\/wp\/v2\/media?parent=9675"}],"curies":[{"name":"wp","href":"https:\/\/api.w.org\/{rel}","templated":true}]}}